{"id":23,"date":"2025-09-07T04:06:17","date_gmt":"2025-09-07T04:06:17","guid":{"rendered":"https:\/\/nhtsolution.net\/?page_id=23"},"modified":"2025-09-09T00:51:20","modified_gmt":"2025-09-09T00:51:20","slug":"health-insurance-obamacare","status":"publish","type":"page","link":"https:\/\/nhtsolution.net\/?page_id=23","title":{"rendered":"Health Insurance (Obamacare)"},"content":{"rendered":"\n<h4 class=\"wp-block-heading has-vivid-cyan-blue-color has-pale-ocean-gradient-background has-text-color has-background has-link-color has-medium-font-size wp-elements-a4b7210e30fb9acbfaa05626d5c36dc9\"><strong>Obamacare \u2013 B\u1ea3o Hi\u1ec3m S\u1ee9c Kh\u1ecfe Theo \u0110\u1ea1o Lu\u1eadt ACA<\/strong><\/h4>\n\n\n\n<p>Ch\u0103m s\u00f3c s\u1ee9c kh\u1ecfe l\u00e0 nhu c\u1ea7u thi\u1ebft y\u1ebfu c\u1ee7a m\u1ed7i ng\u01b0\u1eddi, nh\u01b0ng chi ph\u00ed y t\u1ebf t\u1ea1i M\u1ef9 l\u1ea1i r\u1ea5t cao. V\u1edbi <strong>Obamacare (Affordable Care Act \u2013 ACA)<\/strong>, c\u01b0 d\u00e2n t\u1ea1i Charleston v\u00e0 to\u00e0n South Carolina c\u00f3 c\u01a1 h\u1ed9i ti\u1ebfp c\u1eadn b\u1ea3o hi\u1ec3m s\u1ee9c kh\u1ecfe v\u1edbi <strong>chi ph\u00ed h\u1ee3p l\u00fd<\/strong> c\u00f9ng nhi\u1ec1u quy\u1ec1n l\u1ee3i to\u00e0n di\u1ec7n.<\/p>\n\n\n\n<h2 class=\"wp-block-heading has-black-color has-text-color has-link-color has-medium-font-size wp-elements-876a098c5d901114f580b3bcea2dbef2\"><strong>Obamacare L\u00e0 G\u00ec?<\/strong><\/h2>\n\n\n\n<p><strong>Obamacare<\/strong>, hay c\u00f2n g\u1ecdi l\u00e0 <strong>Affordable Care Act (ACA)<\/strong>, l\u00e0 ch\u01b0\u01a1ng tr\u00ecnh b\u1ea3o hi\u1ec3m s\u1ee9c kh\u1ecfe \u0111\u01b0\u1ee3c ch\u00ednh ph\u1ee7 li\u00ean bang h\u1ed7 tr\u1ee3, nh\u1eb1m gi\u00fap:<\/p>\n\n\n\n<ul class=\"wp-block-list\">\n<li>Ng\u01b0\u1eddi c\u00f3 thu nh\u1eadp trung b\u00ecnh v\u00e0 th\u1ea5p ti\u1ebfp c\u1eadn b\u1ea3o hi\u1ec3m y t\u1ebf.<\/li>\n\n\n\n<li>Gi\u1ea3m g\u00e1nh n\u1eb7ng chi ph\u00ed kh\u00e1m ch\u1eefa b\u1ec7nh.<\/li>\n\n\n\n<li>Cung c\u1ea5p c\u00e1c g\u00f3i b\u1ea3o hi\u1ec3m v\u1edbi m\u1ee9c tr\u1ee3 gi\u00e1 d\u1ef1a tr\u00ean thu nh\u1eadp gia \u0111\u00ecnh.<\/li>\n<\/ul>\n\n\n<div class=\"wp-block-image\">\n<figure class=\"aligncenter size-full\"><img loading=\"lazy\" decoding=\"async\" width=\"598\" height=\"453\" src=\"https:\/\/nhtsolution.net\/wp-content\/uploads\/2025\/09\/obamacare-2.jpg\" alt=\"\" class=\"wp-image-118\" srcset=\"https:\/\/nhtsolution.net\/wp-content\/uploads\/2025\/09\/obamacare-2.jpg 598w, https:\/\/nhtsolution.net\/wp-content\/uploads\/2025\/09\/obamacare-2-300x227.jpg 300w\" sizes=\"auto, (max-width: 598px) 100vw, 598px\" \/><\/figure>\n<\/div>\n\n\n<hr class=\"wp-block-separator has-alpha-channel-opacity\"\/>\n\n\n\n<h2 class=\"wp-block-heading has-black-color has-text-color has-link-color has-medium-font-size wp-elements-d810e0d766e2b71ce643803f4a7446b3\"><strong>Quy\u1ec1n L\u1ee3i Khi Tham Gia B\u1ea3o Hi\u1ec3m Obamacare<\/strong><\/h2>\n\n\n\n<ul class=\"wp-block-list\">\n<li>\u2705 <strong>Kh\u00e1m b\u1ec7nh v\u00e0 c\u1ea5p c\u1ee9u:<\/strong> H\u1ed7 tr\u1ee3 chi ph\u00ed ch\u0103m s\u00f3c y t\u1ebf c\u01a1 b\u1ea3n v\u00e0 kh\u1ea9n c\u1ea5p.<\/li>\n\n\n\n<li>\u2705 <strong>Thu\u1ed1c k\u00ea \u0111\u01a1n:<\/strong> Gi\u00fap ti\u1ebft ki\u1ec7m \u0111\u00e1ng k\u1ec3 chi ph\u00ed thu\u1ed1c men.<\/li>\n\n\n\n<li>\u2705 <strong>Ch\u0103m s\u00f3c d\u1ef1 ph\u00f2ng:<\/strong> Mi\u1ec5n ph\u00ed nhi\u1ec1u d\u1ecbch v\u1ee5 ph\u00f2ng b\u1ec7nh nh\u01b0 ti\u00eam ch\u1ee7ng, t\u1ea7m so\u00e1t b\u1ec7nh.<\/li>\n\n\n\n<li>\u2705 <strong>Ch\u0103m s\u00f3c thai s\u1ea3n &amp; nhi khoa:<\/strong> B\u1ea3o v\u1ec7 s\u1ee9c kh\u1ecfe m\u1eb9 v\u00e0 b\u00e9.<\/li>\n\n\n\n<li>\u2705 <strong>B\u1ea3o v\u1ec7 ng\u01b0\u1eddi c\u00f3 b\u1ec7nh n\u1ec1n:<\/strong> Kh\u00f4ng b\u1ecb t\u1eeb ch\u1ed1i b\u1ea3o hi\u1ec3m v\u00ec t\u00ecnh tr\u1ea1ng s\u1ee9c kh\u1ecfe s\u1eb5n c\u00f3.<\/li>\n<\/ul>\n\n\n\n<h2 class=\"wp-block-heading has-black-color has-text-color has-link-color has-medium-font-size wp-elements-b8fea02465bf72360421ce0c050fab6b\"><strong>Ai C\u00f3 Th\u1ec3 Tham Gia Obamacare \u1ede Charleston, SC?<\/strong><\/h2>\n\n\n\n<ul class=\"wp-block-list\">\n<li>C\u00e1 nh\u00e2n ho\u1eb7c gia \u0111\u00ecnh c\u00f3 thu nh\u1eadp \u0111\u1ee7 \u0111i\u1ec1u ki\u1ec7n nh\u1eadn tr\u1ee3 gi\u00e1 t\u1eeb ch\u00ednh ph\u1ee7.<\/li>\n\n\n\n<li>Ng\u01b0\u1eddi kh\u00f4ng \u0111\u01b0\u1ee3c c\u00f4ng ty cung c\u1ea5p b\u1ea3o hi\u1ec3m s\u1ee9c kh\u1ecfe.<\/li>\n\n\n\n<li>Ng\u01b0\u1eddi mu\u1ed1n t\u00ecm <strong>b\u1ea3o hi\u1ec3m s\u1ee9c kh\u1ecfe uy t\u00edn t\u1ea1i Charleston SC<\/strong> v\u1edbi chi ph\u00ed ph\u00f9 h\u1ee3p.<\/li>\n<\/ul>\n\n\n<div class=\"wp-block-image\">\n<figure class=\"aligncenter size-medium\"><img loading=\"lazy\" decoding=\"async\" width=\"300\" height=\"300\" src=\"https:\/\/nhtsolution.net\/wp-content\/uploads\/2025\/09\/obamacare-charleston-sc-300x300.jpg\" alt=\"\" class=\"wp-image-119\" srcset=\"https:\/\/nhtsolution.net\/wp-content\/uploads\/2025\/09\/obamacare-charleston-sc-300x300.jpg 300w, https:\/\/nhtsolution.net\/wp-content\/uploads\/2025\/09\/obamacare-charleston-sc-1024x1024.jpg 1024w, https:\/\/nhtsolution.net\/wp-content\/uploads\/2025\/09\/obamacare-charleston-sc-150x150.jpg 150w, https:\/\/nhtsolution.net\/wp-content\/uploads\/2025\/09\/obamacare-charleston-sc-768x768.jpg 768w, https:\/\/nhtsolution.net\/wp-content\/uploads\/2025\/09\/obamacare-charleston-sc.jpg 1080w\" sizes=\"auto, (max-width: 300px) 100vw, 300px\" \/><\/figure>\n<\/div>\n\n\n<hr class=\"wp-block-separator has-alpha-channel-opacity\"\/>\n\n\n\n<h2 class=\"wp-block-heading has-black-color has-text-color has-link-color has-medium-font-size wp-elements-5309a250583cf842d139a999cab9a530\"><strong>V\u00ec Sao Ch\u1ecdn Nhi Tran Cho D\u1ecbch V\u1ee5 Obamacare T\u1ea1i Charleston?<\/strong><\/h2>\n\n\n\n<ul class=\"wp-block-list\">\n<li>\ud83c\udfaf Hi\u1ec3u r\u00f5 c\u00e1c quy \u0111\u1ecbnh c\u1ee7a <strong>ACA Health Insurance South Carolina<\/strong>.<\/li>\n\n\n\n<li>\ud83c\udfaf H\u1ed7 tr\u1ee3 kh\u00e1ch h\u00e0ng song ng\u1eef <strong>Anh \u2013 Vi\u1ec7t<\/strong>.<\/li>\n\n\n\n<li>\ud83c\udfaf Gi\u00fap kh\u00e1ch h\u00e0ng ch\u1ecdn g\u00f3i ph\u00f9 h\u1ee3p v\u1edbi nhu c\u1ea7u v\u00e0 thu nh\u1eadp.<\/li>\n\n\n\n<li>\ud83c\udfaf T\u01b0 v\u1ea5n t\u1eadn t\u00e2m, quy tr\u00ecnh nhanh g\u1ecdn, minh b\u1ea1ch.<\/li>\n<\/ul>\n\n\n<div class=\"wp-block-image\">\n<figure class=\"aligncenter size-large\"><img loading=\"lazy\" decoding=\"async\" width=\"1024\" height=\"683\" src=\"https:\/\/nhtsolution.net\/wp-content\/uploads\/2025\/09\/4.4-SG-MS-NHI-TRAN-8H-HT189135-1024x683.jpg\" alt=\"\" class=\"wp-image-120\" srcset=\"https:\/\/nhtsolution.net\/wp-content\/uploads\/2025\/09\/4.4-SG-MS-NHI-TRAN-8H-HT189135-1024x683.jpg 1024w, https:\/\/nhtsolution.net\/wp-content\/uploads\/2025\/09\/4.4-SG-MS-NHI-TRAN-8H-HT189135-300x200.jpg 300w, https:\/\/nhtsolution.net\/wp-content\/uploads\/2025\/09\/4.4-SG-MS-NHI-TRAN-8H-HT189135-768x512.jpg 768w, https:\/\/nhtsolution.net\/wp-content\/uploads\/2025\/09\/4.4-SG-MS-NHI-TRAN-8H-HT189135-1536x1024.jpg 1536w, https:\/\/nhtsolution.net\/wp-content\/uploads\/2025\/09\/4.4-SG-MS-NHI-TRAN-8H-HT189135-2048x1365.jpg 2048w\" sizes=\"auto, (max-width: 1024px) 100vw, 1024px\" \/><\/figure>\n<\/div>\n\n\n<hr class=\"wp-block-separator has-alpha-channel-opacity\"\/>\n\n\n\n<h2 class=\"wp-block-heading has-pale-cyan-blue-color has-text-color has-link-color has-medium-font-size wp-elements-45ffb36b62d32b5dd361eafede076d0e\"><strong>Li\u00ean H\u1ec7 Ngay \u0110\u1ec3 \u0110\u01b0\u1ee3c T\u01b0 V\u1ea5n Obamacare<\/strong><\/h2>\n\n\n\n<p>\u0110\u1eebng \u0111\u1ec3 chi ph\u00ed y t\u1ebf tr\u1edf th\u00e0nh g\u00e1nh n\u1eb7ng cho b\u1ea1n v\u00e0 gia \u0111\u00ecnh. H\u00e3y \u0111\u1ec3 <strong>Obamacare t\u1ea1i Charleston SC<\/strong> mang \u0111\u1ebfn s\u1ef1 an t\u00e2m v\u00e0 b\u1ea3o v\u1ec7 s\u1ee9c kh\u1ecfe to\u00e0n di\u1ec7n.<\/p>\n\n\n\n<p class=\"has-black-color has-text-color has-link-color wp-elements-a0eb363f43070bd8d9ccd627ef7fe9b8\">\ud83d\udcde <strong>Li\u00ean h\u1ec7: Nhi Tran \u2013 (843) 437 0905 <\/strong>\u0111\u1ec3 \u0111\u01b0\u1ee3c t\u01b0 v\u1ea5n mi\u1ec5n ph\u00ed v\u00e0 nh\u1eadn b\u00e1o gi\u00e1 t\u1ed1t nh\u1ea5t.<\/p>\n\n\n\n<p class=\"has-black-color has-text-color has-link-color wp-elements-41c66dce11e7cda745c764eaad2dc72a\"><strong>Email : nhitran@nhtsolution.net<\/strong><\/p>\n\n\n\n<div class=\"wp-block-buttons is-layout-flex wp-block-buttons-is-layout-flex\">\n<div class=\"wp-block-button\"><a class=\"wp-block-button__link wp-element-button\" href=\"https:\/\/www.facebook.com\/nhi.tran.388286\/\">Li\u00ean h\u1ec7 <\/a><\/div>\n<\/div>\n\n\n\n<p><\/p>\n","protected":false},"excerpt":{"rendered":"<p>Obamacare \u2013 B\u1ea3o Hi\u1ec3m S\u1ee9c Kh\u1ecfe Theo \u0110\u1ea1o Lu\u1eadt ACA Ch\u0103m s\u00f3c s\u1ee9c kh\u1ecfe l\u00e0 nhu c\u1ea7u thi\u1ebft y\u1ebfu c\u1ee7a m\u1ed7i ng\u01b0\u1eddi, nh\u01b0ng chi ph\u00ed y t\u1ebf t\u1ea1i M\u1ef9 l\u1ea1i r\u1ea5t cao. V\u1edbi Obamacare (Affordable Care Act \u2013 ACA), c\u01b0 d\u00e2n t\u1ea1i Charleston v\u00e0 to\u00e0n South Carolina c\u00f3 c\u01a1 h\u1ed9i ti\u1ebfp c\u1eadn b\u1ea3o hi\u1ec3m s\u1ee9c [&hellip;]<\/p>\n","protected":false},"author":1,"featured_media":0,"parent":0,"menu_order":0,"comment_status":"closed","ping_status":"closed","template":"","meta":{"footnotes":""},"class_list":["post-23","page","type-page","status-publish","hentry"],"_links":{"self":[{"href":"https:\/\/nhtsolution.net\/index.php?rest_route=\/wp\/v2\/pages\/23","targetHints":{"allow":["GET"]}}],"collection":[{"href":"https:\/\/nhtsolution.net\/index.php?rest_route=\/wp\/v2\/pages"}],"about":[{"href":"https:\/\/nhtsolution.net\/index.php?rest_route=\/wp\/v2\/types\/page"}],"author":[{"embeddable":true,"href":"https:\/\/nhtsolution.net\/index.php?rest_route=\/wp\/v2\/users\/1"}],"replies":[{"embeddable":true,"href":"https:\/\/nhtsolution.net\/index.php?rest_route=%2Fwp%2Fv2%2Fcomments&post=23"}],"version-history":[{"count":4,"href":"https:\/\/nhtsolution.net\/index.php?rest_route=\/wp\/v2\/pages\/23\/revisions"}],"predecessor-version":[{"id":187,"href":"https:\/\/nhtsolution.net\/index.php?rest_route=\/wp\/v2\/pages\/23\/revisions\/187"}],"wp:attachment":[{"href":"https:\/\/nhtsolution.net\/index.php?rest_route=%2Fwp%2Fv2%2Fmedia&parent=23"}],"curies":[{"name":"wp","href":"https:\/\/api.w.org\/{rel}","templated":true}]}}