{"id":25,"date":"2025-09-07T04:06:17","date_gmt":"2025-09-07T04:06:17","guid":{"rendered":"https:\/\/nhtsolution.net\/?page_id=25"},"modified":"2025-09-09T00:50:09","modified_gmt":"2025-09-09T00:50:09","slug":"dental-vision-insurance","status":"publish","type":"page","link":"https:\/\/nhtsolution.net\/?page_id=25","title":{"rendered":"Dental, Vision Insurance"},"content":{"rendered":"\n<h1 class=\"wp-block-heading has-black-color has-pale-cyan-blue-background-color has-text-color has-background has-link-color has-large-font-size wp-elements-1b1084a73d1751d2d38a194200eb42f6\"><strong>Dental and Vision Insurance Charleston SC \u2013 B\u1ea3o Hi\u1ec3m Nha Khoa &amp; Th\u1ecb L\u1ef1c To\u00e0n Di\u1ec7n<\/strong><\/h1>\n\n\n\n<p>S\u1ee9c kh\u1ecfe r\u0103ng mi\u1ec7ng v\u00e0 th\u1ecb l\u1ef1c \u0111\u00f3ng vai tr\u00f2 quan tr\u1ecdng trong ch\u1ea5t l\u01b0\u1ee3ng cu\u1ed9c s\u1ed1ng h\u00e0ng ng\u00e0y. Tuy nhi\u00ean, chi ph\u00ed ch\u0103m s\u00f3c nha khoa v\u00e0 m\u1eaft t\u1ea1i M\u1ef9 kh\u00e1 cao n\u1ebfu kh\u00f4ng c\u00f3 b\u1ea3o hi\u1ec3m. V\u1edbi <strong>Dental and Vision Insurance t\u1ea1i Charleston SC<\/strong>, b\u1ea1n c\u00f3 th\u1ec3 ti\u1ebft ki\u1ec7m chi ph\u00ed, \u0111\u1ed3ng th\u1eddi \u0111\u1ea3m b\u1ea3o s\u1ee9c kh\u1ecfe r\u0103ng mi\u1ec7ng v\u00e0 th\u1ecb l\u1ef1c lu\u00f4n \u0111\u01b0\u1ee3c ch\u0103m s\u00f3c t\u1ed1t nh\u1ea5t.<\/p>\n\n\n\n<h2 class=\"wp-block-heading has-black-color has-text-color has-link-color has-large-font-size wp-elements-2cb98e74c9cd29c14ab04a0cceab5cbd\"><strong>Dental Insurance \u2013 B\u1ea3o Hi\u1ec3m Nha Khoa<\/strong><\/h2>\n\n\n\n<p><strong>Dental Insurance<\/strong> gi\u00fap chi tr\u1ea3 chi ph\u00ed li\u00ean quan \u0111\u1ebfn:<\/p>\n\n\n\n<ul class=\"wp-block-list\">\n<li>Kh\u00e1m r\u0103ng \u0111\u1ecbnh k\u1ef3 &amp; l\u00e0m s\u1ea1ch r\u0103ng.<\/li>\n\n\n\n<li>Tr\u00e1m r\u0103ng, nh\u1ed5 r\u0103ng, ch\u1eefa t\u1ee7y.<\/li>\n\n\n\n<li>Ni\u1ec1ng r\u0103ng &amp; ch\u1ec9nh nha (t\u00f9y g\u00f3i).<\/li>\n\n\n\n<li>B\u1ecdc r\u0103ng s\u1ee9, c\u1ea7u r\u0103ng, implant.<\/li>\n<\/ul>\n\n\n<div class=\"wp-block-image\">\n<figure class=\"aligncenter size-large\"><img loading=\"lazy\" decoding=\"async\" width=\"1024\" height=\"1024\" src=\"https:\/\/nhtsolution.net\/wp-content\/uploads\/2025\/09\/494701102_1262147339248496_997380231296361820_n-1024x1024.jpg\" alt=\"\" class=\"wp-image-131\" srcset=\"https:\/\/nhtsolution.net\/wp-content\/uploads\/2025\/09\/494701102_1262147339248496_997380231296361820_n-1024x1024.jpg 1024w, https:\/\/nhtsolution.net\/wp-content\/uploads\/2025\/09\/494701102_1262147339248496_997380231296361820_n-300x300.jpg 300w, https:\/\/nhtsolution.net\/wp-content\/uploads\/2025\/09\/494701102_1262147339248496_997380231296361820_n-150x150.jpg 150w, https:\/\/nhtsolution.net\/wp-content\/uploads\/2025\/09\/494701102_1262147339248496_997380231296361820_n-768x768.jpg 768w, https:\/\/nhtsolution.net\/wp-content\/uploads\/2025\/09\/494701102_1262147339248496_997380231296361820_n.jpg 1080w\" sizes=\"auto, (max-width: 1024px) 100vw, 1024px\" \/><\/figure>\n<\/div>\n\n\n<hr class=\"wp-block-separator has-alpha-channel-opacity\"\/>\n\n\n\n<h2 class=\"wp-block-heading has-black-color has-text-color has-link-color has-large-font-size wp-elements-053f65bcc0328f122696c421110e4f9d\"><strong>Vision Insurance \u2013 B\u1ea3o Hi\u1ec3m Th\u1ecb L\u1ef1c<\/strong><\/h2>\n\n\n\n<p><strong>Vision Insurance<\/strong> h\u1ed7 tr\u1ee3 chi ph\u00ed cho:<\/p>\n\n\n\n<ul class=\"wp-block-list\">\n<li>Kh\u00e1m m\u1eaft \u0111\u1ecbnh k\u1ef3 &amp; \u0111o th\u1ecb l\u1ef1c.<\/li>\n\n\n\n<li>Mua k\u00ednh g\u1ecdng, k\u00ednh \u00e1p tr\u00f2ng.<\/li>\n\n\n\n<li>\u0110i\u1ec1u tr\u1ecb c\u00e1c b\u1ec7nh l\u00fd v\u1ec1 m\u1eaft.<\/li>\n<\/ul>\n\n\n\n<p><\/p>\n\n\n\n<hr class=\"wp-block-separator has-alpha-channel-opacity\"\/>\n\n\n\n<h2 class=\"wp-block-heading has-black-color has-text-color has-link-color has-large-font-size wp-elements-873099667c9f27742eea639f81915114\"><strong>L\u1ee3i \u00cdch Khi Mua Dental &amp; Vision Insurance<\/strong><\/h2>\n\n\n\n<ul class=\"wp-block-list\">\n<li>\u2705 <strong>Ti\u1ebft ki\u1ec7m chi ph\u00ed:<\/strong> H\u1ed7 tr\u1ee3 m\u1ed9t ph\u1ea7n ho\u1eb7c to\u00e0n b\u1ed9 chi ph\u00ed kh\u00e1m v\u00e0 \u0111i\u1ec1u tr\u1ecb.<\/li>\n\n\n\n<li>\u2705 <strong>Ch\u0103m s\u00f3c \u0111\u1ecbnh k\u1ef3:<\/strong> Ng\u0103n ng\u1eeba b\u1ec7nh l\u00fd r\u0103ng mi\u1ec7ng &amp; m\u1eaft ph\u00e1t tri\u1ec3n nghi\u00eam tr\u1ecdng.<\/li>\n\n\n\n<li>\u2705 <strong>Nhi\u1ec1u g\u00f3i linh ho\u1ea1t:<\/strong> Ph\u00f9 h\u1ee3p cho c\u00e1 nh\u00e2n, gia \u0111\u00ecnh, ho\u1eb7c nh\u00f3m.<\/li>\n\n\n\n<li>\u2705 <strong>K\u1ebft h\u1ee3p ti\u1ec7n l\u1ee3i:<\/strong> C\u00f3 th\u1ec3 mua ri\u00eang l\u1ebb ho\u1eb7c k\u1ebft h\u1ee3p v\u1edbi b\u1ea3o hi\u1ec3m s\u1ee9c kh\u1ecfe.<\/li>\n<\/ul>\n\n\n\n<hr class=\"wp-block-separator has-alpha-channel-opacity\"\/>\n\n\n\n<h2 class=\"wp-block-heading has-black-color has-text-color has-link-color has-large-font-size wp-elements-c7ca9a88428c99503afd22cabcc7b5d4\"><strong>V\u00ec Sao Ch\u1ecdn Nhi Tran Cho D\u1ecbch V\u1ee5 Dental &amp; Vision Insurance T\u1ea1i Charleston?<\/strong><\/h2>\n\n\n\n<ul class=\"wp-block-list\">\n<li>\ud83c\udfaf H\u1ee3p t\u00e1c v\u1edbi nhi\u1ec1u h\u00e3ng b\u1ea3o hi\u1ec3m uy t\u00edn t\u1ea1i South Carolina.<\/li>\n\n\n\n<li>\ud83c\udfaf H\u1ed7 tr\u1ee3 kh\u00e1ch h\u00e0ng song ng\u1eef <strong>Anh \u2013 Vi\u1ec7t<\/strong>, d\u1ec5 hi\u1ec3u v\u00e0 minh b\u1ea1ch.<\/li>\n\n\n\n<li>\ud83c\udfaf \u0110\u01b0a ra g\u00f3i b\u1ea3o hi\u1ec3m ph\u00f9 h\u1ee3p nh\u1ea5t v\u1edbi nhu c\u1ea7u v\u00e0 ng\u00e2n s\u00e1ch.<\/li>\n\n\n\n<li>\ud83c\udfaf Lu\u00f4n \u0111\u1ed3ng h\u00e0nh c\u00f9ng kh\u00e1ch h\u00e0ng trong su\u1ed1t qu\u00e1 tr\u00ecnh s\u1eed d\u1ee5ng b\u1ea3o hi\u1ec3m.<\/li>\n<\/ul>\n\n\n<div class=\"wp-block-image\">\n<figure class=\"aligncenter size-large\"><img loading=\"lazy\" decoding=\"async\" width=\"683\" height=\"1024\" src=\"https:\/\/nhtsolution.net\/wp-content\/uploads\/2025\/09\/4.4-SG-MS-NHI-TRAN-8H-HT188975-683x1024.jpg\" alt=\"\" class=\"wp-image-133\" srcset=\"https:\/\/nhtsolution.net\/wp-content\/uploads\/2025\/09\/4.4-SG-MS-NHI-TRAN-8H-HT188975-683x1024.jpg 683w, https:\/\/nhtsolution.net\/wp-content\/uploads\/2025\/09\/4.4-SG-MS-NHI-TRAN-8H-HT188975-200x300.jpg 200w, https:\/\/nhtsolution.net\/wp-content\/uploads\/2025\/09\/4.4-SG-MS-NHI-TRAN-8H-HT188975-768x1152.jpg 768w, https:\/\/nhtsolution.net\/wp-content\/uploads\/2025\/09\/4.4-SG-MS-NHI-TRAN-8H-HT188975-1024x1536.jpg 1024w, https:\/\/nhtsolution.net\/wp-content\/uploads\/2025\/09\/4.4-SG-MS-NHI-TRAN-8H-HT188975-1365x2048.jpg 1365w, https:\/\/nhtsolution.net\/wp-content\/uploads\/2025\/09\/4.4-SG-MS-NHI-TRAN-8H-HT188975-scaled.jpg 1707w\" sizes=\"auto, (max-width: 683px) 100vw, 683px\" \/><\/figure>\n<\/div>\n\n\n<hr class=\"wp-block-separator has-alpha-channel-opacity\"\/>\n\n\n\n<h2 class=\"wp-block-heading has-black-color has-text-color has-link-color has-large-font-size wp-elements-5a1b5d2a62074666ceea8c6fc2bc1162\"><strong>Li\u00ean H\u1ec7 Ngay \u0110\u1ec3 \u0110\u01b0\u1ee3c T\u01b0 V\u1ea5n Dental &amp; Vision Insurance<\/strong><\/h2>\n\n\n\n<p>\u0110\u1eebng \u0111\u1ec3 chi ph\u00ed nha khoa v\u00e0 th\u1ecb l\u1ef1c tr\u1edf th\u00e0nh g\u00e1nh n\u1eb7ng. H\u00e3y \u0111\u1ec3 <strong>Dental and Vision Insurance t\u1ea1i Charleston SC<\/strong> b\u1ea3o v\u1ec7 n\u1ee5 c\u01b0\u1eddi v\u00e0 \u0111\u00f4i m\u1eaft kh\u1ecfe m\u1ea1nh cho b\u1ea1n v\u00e0 gia \u0111\u00ecnh.<\/p>\n\n\n\n<p>\ud83d\udcde <strong>Li\u00ean h\u1ec7: Nhi Tran \u2013 (843) 437 0905 \u2013 <\/strong> \u0111\u1ec3 \u0111\u01b0\u1ee3c t\u01b0 v\u1ea5n mi\u1ec5n ph\u00ed v\u00e0 nh\u1eadn b\u00e1o gi\u00e1 t\u1ed1t nh\u1ea5t.<\/p>\n\n\n\n<p class=\"has-black-color has-text-color has-link-color wp-elements-41c66dce11e7cda745c764eaad2dc72a\"><strong>Email : nhitran@nhtsolution.net<\/strong><\/p>\n\n\n\n<div class=\"wp-block-buttons is-layout-flex wp-block-buttons-is-layout-flex\">\n<div class=\"wp-block-button\"><a class=\"wp-block-button__link wp-element-button\" href=\"https:\/\/www.facebook.com\/nhi.tran.388286\/\">Li\u00ean h\u1ec7<\/a><\/div>\n<\/div>\n\n\n\n<p><\/p>\n","protected":false},"excerpt":{"rendered":"<p>Dental and Vision Insurance Charleston SC \u2013 B\u1ea3o Hi\u1ec3m Nha Khoa &amp; Th\u1ecb L\u1ef1c To\u00e0n Di\u1ec7n S\u1ee9c kh\u1ecfe r\u0103ng mi\u1ec7ng v\u00e0 th\u1ecb l\u1ef1c \u0111\u00f3ng vai tr\u00f2 quan tr\u1ecdng trong ch\u1ea5t l\u01b0\u1ee3ng cu\u1ed9c s\u1ed1ng h\u00e0ng ng\u00e0y. Tuy nhi\u00ean, chi ph\u00ed ch\u0103m s\u00f3c nha khoa v\u00e0 m\u1eaft t\u1ea1i M\u1ef9 kh\u00e1 cao n\u1ebfu kh\u00f4ng c\u00f3 b\u1ea3o hi\u1ec3m. V\u1edbi [&hellip;]<\/p>\n","protected":false},"author":1,"featured_media":0,"parent":0,"menu_order":0,"comment_status":"closed","ping_status":"closed","template":"","meta":{"footnotes":""},"class_list":["post-25","page","type-page","status-publish","hentry"],"_links":{"self":[{"href":"https:\/\/nhtsolution.net\/index.php?rest_route=\/wp\/v2\/pages\/25","targetHints":{"allow":["GET"]}}],"collection":[{"href":"https:\/\/nhtsolution.net\/index.php?rest_route=\/wp\/v2\/pages"}],"about":[{"href":"https:\/\/nhtsolution.net\/index.php?rest_route=\/wp\/v2\/types\/page"}],"author":[{"embeddable":true,"href":"https:\/\/nhtsolution.net\/index.php?rest_route=\/wp\/v2\/users\/1"}],"replies":[{"embeddable":true,"href":"https:\/\/nhtsolution.net\/index.php?rest_route=%2Fwp%2Fv2%2Fcomments&post=25"}],"version-history":[{"count":3,"href":"https:\/\/nhtsolution.net\/index.php?rest_route=\/wp\/v2\/pages\/25\/revisions"}],"predecessor-version":[{"id":186,"href":"https:\/\/nhtsolution.net\/index.php?rest_route=\/wp\/v2\/pages\/25\/revisions\/186"}],"wp:attachment":[{"href":"https:\/\/nhtsolution.net\/index.php?rest_route=%2Fwp%2Fv2%2Fmedia&parent=25"}],"curies":[{"name":"wp","href":"https:\/\/api.w.org\/{rel}","templated":true}]}}