{"id":26,"date":"2025-09-07T04:06:17","date_gmt":"2025-09-07T04:06:17","guid":{"rendered":"https:\/\/nhtsolution.net\/?page_id=26"},"modified":"2025-09-09T01:40:39","modified_gmt":"2025-09-09T01:40:39","slug":"life-insurance","status":"publish","type":"page","link":"https:\/\/nhtsolution.net\/?page_id=26","title":{"rendered":"Life Insurance"},"content":{"rendered":"\n<h4 class=\"wp-block-heading has-black-color has-pale-cyan-blue-background-color has-text-color has-background has-link-color has-large-font-size wp-elements-e5ab5d1d97078035908e56be66b2f55f\"><strong>Life Insurance \u2013 B\u1ea3o Hi\u1ec3m Nh\u00e2n Th\u1ecd B\u1ea3o V\u1ec7 T\u00e0i Ch\u00ednh Gia \u0110\u00ecnh<\/strong><\/h4>\n\n\n\n<p>Cu\u1ed9c s\u1ed1ng lu\u00f4n ti\u1ec1m \u1ea9n nh\u1eefng r\u1ee7i ro b\u1ea5t ng\u1edd. <strong>Life Insurance (b\u1ea3o hi\u1ec3m nh\u00e2n th\u1ecd)<\/strong> gi\u00fap b\u1ea1n \u0111\u1ea3m b\u1ea3o r\u1eb1ng gia \u0111\u00ecnh lu\u00f4n c\u00f3 s\u1ef1 an to\u00e0n t\u00e0i ch\u00ednh ngay c\u1ea3 khi nh\u1eefng bi\u1ebfn c\u1ed1 kh\u00f4ng mong mu\u1ed1n x\u1ea3y ra. T\u1ea1i <strong>Charleston SC<\/strong>, Nhi Tran cung c\u1ea5p d\u1ecbch v\u1ee5 <strong>Life Insurance<\/strong> uy t\u00edn, linh ho\u1ea1t, ph\u00f9 h\u1ee3p v\u1edbi m\u1ecdi nhu c\u1ea7u v\u00e0 ng\u00e2n s\u00e1ch.<\/p>\n\n\n<div class=\"wp-block-image\">\n<figure class=\"aligncenter size-medium\"><img loading=\"lazy\" decoding=\"async\" width=\"300\" height=\"300\" src=\"https:\/\/nhtsolution.net\/wp-content\/uploads\/2025\/09\/481120580_1181869736825203_8793449596727974400_n-300x300.jpg\" alt=\"\" class=\"wp-image-143\" srcset=\"https:\/\/nhtsolution.net\/wp-content\/uploads\/2025\/09\/481120580_1181869736825203_8793449596727974400_n-300x300.jpg 300w, https:\/\/nhtsolution.net\/wp-content\/uploads\/2025\/09\/481120580_1181869736825203_8793449596727974400_n-1024x1024.jpg 1024w, https:\/\/nhtsolution.net\/wp-content\/uploads\/2025\/09\/481120580_1181869736825203_8793449596727974400_n-150x150.jpg 150w, https:\/\/nhtsolution.net\/wp-content\/uploads\/2025\/09\/481120580_1181869736825203_8793449596727974400_n-768x768.jpg 768w, https:\/\/nhtsolution.net\/wp-content\/uploads\/2025\/09\/481120580_1181869736825203_8793449596727974400_n-1536x1536.jpg 1536w, https:\/\/nhtsolution.net\/wp-content\/uploads\/2025\/09\/481120580_1181869736825203_8793449596727974400_n.jpg 2048w\" sizes=\"auto, (max-width: 300px) 100vw, 300px\" \/><\/figure>\n<\/div>\n\n\n<hr class=\"wp-block-separator has-alpha-channel-opacity\"\/>\n\n\n\n<h2 class=\"wp-block-heading has-black-color has-text-color has-link-color has-large-font-size wp-elements-d955a404315a809c02db6c9613e9c6cd\"><strong>Life Insurance L\u00e0 G\u00ec?<\/strong><\/h2>\n\n\n\n<p><strong>Life Insurance<\/strong> l\u00e0 m\u1ed9t h\u1ee3p \u0111\u1ed3ng gi\u1eefa b\u1ea1n v\u00e0 c\u00f4ng ty b\u1ea3o hi\u1ec3m. Khi ng\u01b0\u1eddi \u0111\u01b0\u1ee3c b\u1ea3o hi\u1ec3m qua \u0111\u1eddi, c\u00f4ng ty s\u1ebd chi tr\u1ea3 m\u1ed9t kho\u1ea3n ti\u1ec1n (death benefit) cho ng\u01b0\u1eddi th\u1ee5 h\u01b0\u1edfng, gi\u00fap:<\/p>\n\n\n\n<ul class=\"wp-block-list\">\n<li>\u0110\u1ea3m b\u1ea3o chi ph\u00ed sinh ho\u1ea1t cho gia \u0111\u00ecnh.<\/li>\n\n\n\n<li>Thanh to\u00e1n n\u1ee3 th\u1ebf ch\u1ea5p, vay m\u01b0\u1ee3n.<\/li>\n\n\n\n<li>H\u1ed7 tr\u1ee3 h\u1ecdc ph\u00ed cho con c\u00e1i.<\/li>\n\n\n\n<li>T\u1ea1o qu\u1ef9 t\u00e0i ch\u00ednh v\u00e0 di s\u1ea3n l\u00e2u d\u00e0i.<\/li>\n<\/ul>\n\n\n\n<p><\/p>\n\n\n\n<hr class=\"wp-block-separator has-alpha-channel-opacity\"\/>\n\n\n\n<h2 class=\"wp-block-heading has-black-color has-text-color has-link-color has-large-font-size wp-elements-d2be7404b3cfee08f0574b0d1e3dd2ca\"><strong>C\u00e1c Lo\u1ea1i Life Insurance Ph\u1ed5 Bi\u1ebfn<\/strong><\/h2>\n\n\n\n<ol class=\"wp-block-list\">\n<li><strong>Term Life Insurance (B\u1ea3o hi\u1ec3m nh\u00e2n th\u1ecd c\u00f3 th\u1eddi h\u1ea1n):<\/strong> Chi ph\u00ed th\u1ea5p, b\u1ea3o v\u1ec7 trong 10\u201330 n\u0103m.<\/li>\n\n\n\n<li><strong>Whole Life Insurance (B\u1ea3o hi\u1ec3m nh\u00e2n th\u1ecd tr\u1ecdn \u0111\u1eddi):<\/strong> B\u1ea3o v\u1ec7 su\u1ed1t \u0111\u1eddi, t\u00edch l\u0169y gi\u00e1 tr\u1ecb ti\u1ec1n m\u1eb7t.<\/li>\n\n\n\n<li><strong>Indexed Universal Life (IUL):<\/strong> K\u1ebft h\u1ee3p b\u1ea3o v\u1ec7 v\u00e0 \u0111\u1ea7u t\u01b0, t\u0103ng tr\u01b0\u1edfng d\u1ef1a tr\u00ean ch\u1ec9 s\u1ed1 th\u1ecb tr\u01b0\u1eddng.<\/li>\n\n\n\n<li><strong>Final Expense Insurance:<\/strong> B\u1ea3o hi\u1ec3m chi ph\u00ed cu\u1ed1i \u0111\u1eddi, lo tang l\u1ec5 v\u00e0 c\u00e1c kho\u1ea3n ph\u00ed li\u00ean quan.<\/li>\n<\/ol>\n\n\n<div class=\"wp-block-image\">\n<figure class=\"aligncenter size-full\"><img loading=\"lazy\" decoding=\"async\" width=\"488\" height=\"617\" src=\"https:\/\/nhtsolution.net\/wp-content\/uploads\/2025\/09\/common-types-of-life-inusrance-mini-ig-01.jpg\" alt=\"\" class=\"wp-image-144\" srcset=\"https:\/\/nhtsolution.net\/wp-content\/uploads\/2025\/09\/common-types-of-life-inusrance-mini-ig-01.jpg 488w, https:\/\/nhtsolution.net\/wp-content\/uploads\/2025\/09\/common-types-of-life-inusrance-mini-ig-01-237x300.jpg 237w\" sizes=\"auto, (max-width: 488px) 100vw, 488px\" \/><\/figure>\n<\/div>\n\n\n<hr class=\"wp-block-separator has-alpha-channel-opacity\"\/>\n\n\n\n<h2 class=\"wp-block-heading has-black-color has-text-color has-link-color has-large-font-size wp-elements-d961a98949a0815096cd91d3918cc0d6\"><strong>L\u1ee3i \u00cdch C\u1ee7a Life Insurance<\/strong><\/h2>\n\n\n\n<ul class=\"wp-block-list\">\n<li>\u2705 <strong>An t\u00e2m t\u00e0i ch\u00ednh:<\/strong> Gia \u0111\u00ecnh kh\u00f4ng ph\u1ea3i g\u00e1nh n\u1eb7ng n\u1ee3 n\u1ea7n khi m\u1ea5t \u0111i ngu\u1ed3n thu nh\u1eadp ch\u00ednh.<\/li>\n\n\n\n<li>\u2705 <strong>K\u1ebf ho\u1ea1ch d\u00e0i h\u1ea1n:<\/strong> T\u1ea1o qu\u1ef9 gi\u00e1o d\u1ee5c, h\u01b0u tr\u00ed, ho\u1eb7c di s\u1ea3n.<\/li>\n\n\n\n<li>\u2705 <strong>Linh ho\u1ea1t:<\/strong> Nhi\u1ec1u g\u00f3i b\u1ea3o hi\u1ec3m ph\u00f9 h\u1ee3p v\u1edbi m\u1ecdi l\u1ee9a tu\u1ed5i v\u00e0 nhu c\u1ea7u.<\/li>\n\n\n\n<li>\u2705 <strong>Gi\u1ea3m \u00e1p l\u1ef1c chi ph\u00ed:<\/strong> H\u1ed7 tr\u1ee3 chi ph\u00ed sinh ho\u1ea1t, y t\u1ebf, v\u00e0 cu\u1ed1i \u0111\u1eddi.<\/li>\n<\/ul>\n\n\n\n<hr class=\"wp-block-separator has-alpha-channel-opacity\"\/>\n\n\n\n<h2 class=\"wp-block-heading has-black-color has-text-color has-link-color has-large-font-size wp-elements-176a4bee6ae03a0a8c86445e268ba13a\"><strong>V\u00ec Sao Ch\u1ecdn Nhi Tran Cho D\u1ecbch V\u1ee5 Life Insurance \u1ede Charleston, SC?<\/strong><\/h2>\n\n\n\n<ul class=\"wp-block-list\">\n<li>\ud83c\udfaf Kinh nghi\u1ec7m nhi\u1ec1u n\u0103m trong l\u0129nh v\u1ef1c b\u1ea3o hi\u1ec3m nh\u00e2n th\u1ecd.<\/li>\n\n\n\n<li>\ud83c\udfaf T\u01b0 v\u1ea5n song ng\u1eef <strong>Anh \u2013 Vi\u1ec7t<\/strong>, minh b\u1ea1ch, d\u1ec5 hi\u1ec3u.<\/li>\n\n\n\n<li>\ud83c\udfaf H\u1ee3p t\u00e1c v\u1edbi nhi\u1ec1u h\u00e3ng b\u1ea3o hi\u1ec3m uy t\u00edn \u0111\u1ec3 so s\u00e1nh &amp; ch\u1ecdn g\u00f3i t\u1ed1t nh\u1ea5t.<\/li>\n\n\n\n<li>\ud83c\udfaf Lu\u00f4n \u0111\u1ed3ng h\u00e0nh c\u00f9ng kh\u00e1ch h\u00e0ng t\u1eeb t\u01b0 v\u1ea5n, \u0111\u0103ng k\u00fd \u0111\u1ebfn h\u1ed7 tr\u1ee3 quy\u1ec1n l\u1ee3i.<\/li>\n<\/ul>\n\n\n<div class=\"wp-block-image\">\n<figure class=\"aligncenter size-large\"><img loading=\"lazy\" decoding=\"async\" width=\"683\" height=\"1024\" src=\"https:\/\/nhtsolution.net\/wp-content\/uploads\/2025\/09\/4.4-SG-MS-NHI-TRAN-8H-HT188975-1-683x1024.jpg\" alt=\"\" class=\"wp-image-146\" srcset=\"https:\/\/nhtsolution.net\/wp-content\/uploads\/2025\/09\/4.4-SG-MS-NHI-TRAN-8H-HT188975-1-683x1024.jpg 683w, https:\/\/nhtsolution.net\/wp-content\/uploads\/2025\/09\/4.4-SG-MS-NHI-TRAN-8H-HT188975-1-200x300.jpg 200w, https:\/\/nhtsolution.net\/wp-content\/uploads\/2025\/09\/4.4-SG-MS-NHI-TRAN-8H-HT188975-1-768x1152.jpg 768w, https:\/\/nhtsolution.net\/wp-content\/uploads\/2025\/09\/4.4-SG-MS-NHI-TRAN-8H-HT188975-1-1024x1536.jpg 1024w, https:\/\/nhtsolution.net\/wp-content\/uploads\/2025\/09\/4.4-SG-MS-NHI-TRAN-8H-HT188975-1-1365x2048.jpg 1365w, https:\/\/nhtsolution.net\/wp-content\/uploads\/2025\/09\/4.4-SG-MS-NHI-TRAN-8H-HT188975-1-scaled.jpg 1707w\" sizes=\"auto, (max-width: 683px) 100vw, 683px\" \/><\/figure>\n<\/div>\n\n\n<hr class=\"wp-block-separator has-alpha-channel-opacity\"\/>\n\n\n\n<h2 class=\"wp-block-heading has-black-color has-text-color has-link-color has-large-font-size wp-elements-902a86ba261b52503c0c3bc76793b28b\"><strong>Li\u00ean H\u1ec7 Ngay \u0110\u1ec3 \u0110\u01b0\u1ee3c T\u01b0 V\u1ea5n Life Insurance<\/strong><\/h2>\n\n\n\n<p>B\u1ea3o v\u1ec7 gia \u0111\u00ecnh b\u1ea1n ngay t\u1eeb h\u00f4m nay v\u1edbi <strong>Life Insurance t\u1ea1i Charleston SC<\/strong> \u2013 gi\u1ea3i ph\u00e1p th\u00f4ng minh cho t\u01b0\u01a1ng lai t\u00e0i ch\u00ednh v\u1eefng ch\u1eafc.<\/p>\n\n\n\n<p class=\"has-black-color has-text-color has-link-color wp-elements-16df140482030cba3db26f0a72db366e\">\ud83d\udcde <strong>Li\u00ean h\u1ec7: Nhi Tran \u2013 (843) 437 0905 <\/strong>\u0111\u1ec3 \u0111\u01b0\u1ee3c t\u01b0 v\u1ea5n mi\u1ec5n ph\u00ed v\u00e0 nh\u1eadn b\u00e1o gi\u00e1 chi ti\u1ebft.<\/p>\n\n\n\n<p class=\"has-black-color has-text-color has-link-color wp-elements-41c66dce11e7cda745c764eaad2dc72a\"><strong>Email : nhitran@nhtsolution.net<\/strong><\/p>\n\n\n\n<div class=\"wp-block-buttons is-layout-flex wp-block-buttons-is-layout-flex\">\n<div class=\"wp-block-button\"><a class=\"wp-block-button__link wp-element-button\" href=\"https:\/\/www.facebook.com\/nhi.tran.388286\/\">Li\u00ean h\u1ec7 <\/a><\/div>\n<\/div>\n\n\n\n<p><\/p>\n","protected":false},"excerpt":{"rendered":"<p>Life Insurance \u2013 B\u1ea3o Hi\u1ec3m Nh\u00e2n Th\u1ecd B\u1ea3o V\u1ec7 T\u00e0i Ch\u00ednh Gia \u0110\u00ecnh Cu\u1ed9c s\u1ed1ng lu\u00f4n ti\u1ec1m \u1ea9n nh\u1eefng r\u1ee7i ro b\u1ea5t ng\u1edd. Life Insurance (b\u1ea3o hi\u1ec3m nh\u00e2n th\u1ecd) gi\u00fap b\u1ea1n \u0111\u1ea3m b\u1ea3o r\u1eb1ng gia \u0111\u00ecnh lu\u00f4n c\u00f3 s\u1ef1 an to\u00e0n t\u00e0i ch\u00ednh ngay c\u1ea3 khi nh\u1eefng bi\u1ebfn c\u1ed1 kh\u00f4ng mong mu\u1ed1n x\u1ea3y ra. T\u1ea1i [&hellip;]<\/p>\n","protected":false},"author":1,"featured_media":0,"parent":0,"menu_order":0,"comment_status":"closed","ping_status":"closed","template":"","meta":{"footnotes":""},"class_list":["post-26","page","type-page","status-publish","hentry"],"_links":{"self":[{"href":"https:\/\/nhtsolution.net\/index.php?rest_route=\/wp\/v2\/pages\/26","targetHints":{"allow":["GET"]}}],"collection":[{"href":"https:\/\/nhtsolution.net\/index.php?rest_route=\/wp\/v2\/pages"}],"about":[{"href":"https:\/\/nhtsolution.net\/index.php?rest_route=\/wp\/v2\/types\/page"}],"author":[{"embeddable":true,"href":"https:\/\/nhtsolution.net\/index.php?rest_route=\/wp\/v2\/users\/1"}],"replies":[{"embeddable":true,"href":"https:\/\/nhtsolution.net\/index.php?rest_route=%2Fwp%2Fv2%2Fcomments&post=26"}],"version-history":[{"count":4,"href":"https:\/\/nhtsolution.net\/index.php?rest_route=\/wp\/v2\/pages\/26\/revisions"}],"predecessor-version":[{"id":192,"href":"https:\/\/nhtsolution.net\/index.php?rest_route=\/wp\/v2\/pages\/26\/revisions\/192"}],"wp:attachment":[{"href":"https:\/\/nhtsolution.net\/index.php?rest_route=%2Fwp%2Fv2%2Fmedia&parent=26"}],"curies":[{"name":"wp","href":"https:\/\/api.w.org\/{rel}","templated":true}]}}