{"id":69,"date":"2025-09-07T04:36:48","date_gmt":"2025-09-07T04:36:48","guid":{"rendered":"https:\/\/nhtsolution.net\/?page_id=69"},"modified":"2025-09-09T00:44:10","modified_gmt":"2025-09-09T00:44:10","slug":"get-a-quote","status":"publish","type":"page","link":"https:\/\/nhtsolution.net\/?page_id=69","title":{"rendered":"Get a QUOTE"},"content":{"rendered":"\n<h2 class=\"wp-block-heading has-black-color has-luminous-vivid-amber-background-color has-text-color has-background has-link-color has-huge-font-size wp-elements-7aea7616eb0fadf982eda009ada134f3\"><strong>Get a QUOTE<\/strong><\/h2>\n\n\n\n<p>N\u1ebfu b\u1ea1n \u0111ang t\u00ecm ki\u1ebfm <strong>Realtor &amp; Insurance Agent uy t\u00edn t\u1ea1i Charleston SC<\/strong>, ho\u1eb7c c\u1ea7n d\u1ecbch v\u1ee5 c\u00f4ng ch\u1ee9ng v\u00e0 khai thu\u1ebf chuy\u00ean nghi\u1ec7p, h\u00e3y li\u00ean h\u1ec7 ngay v\u1edbi t\u00f4i:<\/p>\n\n\n\n<hr class=\"wp-block-separator has-alpha-channel-opacity\"\/>\n\n\n\n<h2 class=\"wp-block-heading has-black-color has-text-color has-link-color has-large-font-size wp-elements-40dcb7329baea347bd875ec66c0bc471\"><strong>V\u00ec Sao Kh\u00e1ch H\u00e0ng Ch\u1ecdn Nhi Tran?<\/strong><\/h2>\n\n\n\n<ul class=\"wp-block-list\">\n<li>\ud83c\udfaf <strong>Kinh nghi\u1ec7m \u0111a ng\u00e0nh:<\/strong> Hi\u1ec3u r\u00f5 th\u1ecb tr\u01b0\u1eddng b\u1ea5t \u0111\u1ed9ng s\u1ea3n v\u00e0 b\u1ea3o hi\u1ec3m t\u1ea1i South Carolina.<\/li>\n\n\n\n<li>\ud83c\udfaf <strong>H\u1ed7 tr\u1ee3 song ng\u1eef Anh \u2013 Vi\u1ec7t:<\/strong> Gi\u00fap c\u1ed9ng \u0111\u1ed3ng ng\u01b0\u1eddi Vi\u1ec7t d\u1ec5 d\u00e0ng ti\u1ebfp c\u1eadn d\u1ecbch v\u1ee5.<\/li>\n\n\n\n<li>\ud83c\udfaf <strong>T\u1eadn t\u00e2m &amp; minh b\u1ea1ch:<\/strong> Lu\u00f4n \u0111\u1eb7t l\u1ee3i \u00edch kh\u00e1ch h\u00e0ng l\u00ean h\u00e0ng \u0111\u1ea7u.<\/li>\n\n\n\n<li>\ud83c\udfaf <strong>Gi\u1ea3i ph\u00e1p to\u00e0n di\u1ec7n:<\/strong> Kh\u00f4ng ch\u1ec9 h\u1ed7 tr\u1ee3 m\u1ed9t d\u1ecbch v\u1ee5, m\u00e0 \u0111\u1ed3ng h\u00e0nh l\u00e2u d\u00e0i tr\u00ean h\u00e0nh tr\u00ecnh t\u00e0i ch\u00ednh &amp; an c\u01b0 c\u1ee7a kh\u00e1ch h\u00e0ng.<\/li>\n<\/ul>\n\n\n<div class=\"wp-block-image\">\n<figure class=\"aligncenter size-large\"><img loading=\"lazy\" decoding=\"async\" width=\"585\" height=\"1024\" src=\"https:\/\/nhtsolution.net\/wp-content\/uploads\/2025\/09\/Nhi-Tran-Business-card-1-1-585x1024.jpg\" alt=\"\" class=\"wp-image-164\" srcset=\"https:\/\/nhtsolution.net\/wp-content\/uploads\/2025\/09\/Nhi-Tran-Business-card-1-1-585x1024.jpg 585w, https:\/\/nhtsolution.net\/wp-content\/uploads\/2025\/09\/Nhi-Tran-Business-card-1-1-171x300.jpg 171w, https:\/\/nhtsolution.net\/wp-content\/uploads\/2025\/09\/Nhi-Tran-Business-card-1-1.jpg 600w\" sizes=\"auto, (max-width: 585px) 100vw, 585px\" \/><\/figure>\n<\/div>\n\n<div class=\"wp-block-image\">\n<figure class=\"aligncenter size-large\"><img loading=\"lazy\" decoding=\"async\" width=\"585\" height=\"1024\" src=\"https:\/\/nhtsolution.net\/wp-content\/uploads\/2025\/09\/Nhi-Tran-Business-card-2-1-585x1024.jpg\" alt=\"\" class=\"wp-image-165\" srcset=\"https:\/\/nhtsolution.net\/wp-content\/uploads\/2025\/09\/Nhi-Tran-Business-card-2-1-585x1024.jpg 585w, https:\/\/nhtsolution.net\/wp-content\/uploads\/2025\/09\/Nhi-Tran-Business-card-2-1-171x300.jpg 171w, https:\/\/nhtsolution.net\/wp-content\/uploads\/2025\/09\/Nhi-Tran-Business-card-2-1.jpg 600w\" sizes=\"auto, (max-width: 585px) 100vw, 585px\" \/><\/figure>\n<\/div>\n\n\n<div class=\"wp-block-buttons is-layout-flex wp-block-buttons-is-layout-flex\">\n<div class=\"wp-block-button\"><a class=\"wp-block-button__link wp-element-button\" href=\"https:\/\/www.facebook.com\/nhi.tran.388286\/\"><strong>Get a Quote<\/strong><\/a><\/div>\n<\/div>\n\n\n\n<p><\/p>\n","protected":false},"excerpt":{"rendered":"<p>Get a QUOTE N\u1ebfu b\u1ea1n \u0111ang t\u00ecm ki\u1ebfm Realtor &amp; Insurance Agent uy t\u00edn t\u1ea1i Charleston SC, ho\u1eb7c c\u1ea7n d\u1ecbch v\u1ee5 c\u00f4ng ch\u1ee9ng v\u00e0 khai thu\u1ebf chuy\u00ean nghi\u1ec7p, h\u00e3y li\u00ean h\u1ec7 ngay v\u1edbi t\u00f4i: V\u00ec Sao Kh\u00e1ch H\u00e0ng Ch\u1ecdn Nhi Tran?<\/p>\n","protected":false},"author":1,"featured_media":0,"parent":0,"menu_order":0,"comment_status":"closed","ping_status":"closed","template":"","meta":{"footnotes":""},"class_list":["post-69","page","type-page","status-publish","hentry"],"_links":{"self":[{"href":"https:\/\/nhtsolution.net\/index.php?rest_route=\/wp\/v2\/pages\/69","targetHints":{"allow":["GET"]}}],"collection":[{"href":"https:\/\/nhtsolution.net\/index.php?rest_route=\/wp\/v2\/pages"}],"about":[{"href":"https:\/\/nhtsolution.net\/index.php?rest_route=\/wp\/v2\/types\/page"}],"author":[{"embeddable":true,"href":"https:\/\/nhtsolution.net\/index.php?rest_route=\/wp\/v2\/users\/1"}],"replies":[{"embeddable":true,"href":"https:\/\/nhtsolution.net\/index.php?rest_route=%2Fwp%2Fv2%2Fcomments&post=69"}],"version-history":[{"count":4,"href":"https:\/\/nhtsolution.net\/index.php?rest_route=\/wp\/v2\/pages\/69\/revisions"}],"predecessor-version":[{"id":183,"href":"https:\/\/nhtsolution.net\/index.php?rest_route=\/wp\/v2\/pages\/69\/revisions\/183"}],"wp:attachment":[{"href":"https:\/\/nhtsolution.net\/index.php?rest_route=%2Fwp%2Fv2%2Fmedia&parent=69"}],"curies":[{"name":"wp","href":"https:\/\/api.w.org\/{rel}","templated":true}]}}