{"id":8,"date":"2025-09-07T03:48:44","date_gmt":"2025-09-07T03:48:44","guid":{"rendered":"https:\/\/nhtsolution.net\/?page_id=8"},"modified":"2025-09-09T01:43:51","modified_gmt":"2025-09-09T01:43:51","slug":"notary-public","status":"publish","type":"page","link":"https:\/\/nhtsolution.net\/?page_id=8","title":{"rendered":"Notary Public"},"content":{"rendered":"\n<h1 class=\"wp-block-heading has-black-color has-cyan-bluish-gray-background-color has-text-color has-background has-link-color has-large-font-size wp-elements-908aa7a43c03d3d8692090937a9a95c4\"><strong>Notary Public Charleston SC \u2013 D\u1ecbch V\u1ee5 C\u00f4ng Ch\u1ee9ng Nhanh Ch\u00f3ng &amp; Uy T\u00edn<\/strong><\/h1>\n\n\n\n<p>Trong cu\u1ed9c s\u1ed1ng v\u00e0 c\u00f4ng vi\u1ec7c h\u00e0ng ng\u00e0y, c\u00f3 nhi\u1ec1u lo\u1ea1i gi\u1ea5y t\u1edd quan tr\u1ecdng c\u1ea7n \u0111\u01b0\u1ee3c <strong>c\u00f4ng ch\u1ee9ng h\u1ee3p ph\u00e1p<\/strong> \u0111\u1ec3 \u0111\u1ea3m b\u1ea3o t\u00ednh ph\u00e1p l\u00fd. V\u1edbi d\u1ecbch v\u1ee5 <strong>Notary Public t\u1ea1i Charleston SC<\/strong>, Nhi Tran mang \u0111\u1ebfn s\u1ef1 <strong>nhanh ch\u00f3ng \u2013 ch\u00ednh x\u00e1c \u2013 uy t\u00edn<\/strong>, gi\u00fap kh\u00e1ch h\u00e0ng y\u00ean t\u00e2m khi x\u1eed l\u00fd c\u00e1c t\u00e0i li\u1ec7u quan tr\u1ecdng.<\/p>\n\n\n<div class=\"wp-block-image\">\n<figure class=\"aligncenter size-medium\"><img loading=\"lazy\" decoding=\"async\" width=\"300\" height=\"283\" src=\"https:\/\/nhtsolution.net\/wp-content\/uploads\/2025\/09\/IMG_6540-300x283.jpg\" alt=\"\" class=\"wp-image-157\" srcset=\"https:\/\/nhtsolution.net\/wp-content\/uploads\/2025\/09\/IMG_6540-300x283.jpg 300w, https:\/\/nhtsolution.net\/wp-content\/uploads\/2025\/09\/IMG_6540-1024x966.jpg 1024w, https:\/\/nhtsolution.net\/wp-content\/uploads\/2025\/09\/IMG_6540-768x724.jpg 768w, https:\/\/nhtsolution.net\/wp-content\/uploads\/2025\/09\/IMG_6540-1536x1448.jpg 1536w, https:\/\/nhtsolution.net\/wp-content\/uploads\/2025\/09\/IMG_6540.jpg 1946w\" sizes=\"auto, (max-width: 300px) 100vw, 300px\" \/><\/figure>\n<\/div>\n\n\n<hr class=\"wp-block-separator has-alpha-channel-opacity\"\/>\n\n\n\n<h2 class=\"wp-block-heading has-black-color has-text-color has-link-color has-large-font-size wp-elements-5c73bfec053b3068c9525be459b5cc99\"><strong>Notary Public L\u00e0 G\u00ec?<\/strong><\/h2>\n\n\n\n<p><strong>Notary Public<\/strong> l\u00e0 ng\u01b0\u1eddi \u0111\u01b0\u1ee3c ti\u1ec3u bang \u1ee7y quy\u1ec1n th\u1ef1c hi\u1ec7n ch\u1ee9ng th\u1ef1c ch\u1eef k\u00fd, x\u00e1c nh\u1eadn danh t\u00ednh v\u00e0 c\u00f4ng ch\u1ee9ng t\u00e0i li\u1ec7u h\u1ee3p ph\u00e1p. \u0110\u00e2y l\u00e0 b\u01b0\u1edbc quan tr\u1ecdng \u0111\u1ec3 \u0111\u1ea3m b\u1ea3o gi\u1ea5y t\u1edd c\u00f3 gi\u00e1 tr\u1ecb ph\u00e1p l\u00fd trong c\u00e1c giao d\u1ecbch c\u00e1 nh\u00e2n v\u00e0 th\u01b0\u01a1ng m\u1ea1i.<\/p>\n\n\n\n<hr class=\"wp-block-separator has-alpha-channel-opacity\"\/>\n\n\n\n<h2 class=\"wp-block-heading has-black-color has-text-color has-link-color has-large-font-size wp-elements-3ad39a04c8e2dbb1e3a99d450a9e6d3c\"><strong>C\u00e1c Lo\u1ea1i D\u1ecbch V\u1ee5 Notary Ch\u00fang T\u00f4i Cung C\u1ea5p<\/strong><\/h2>\n\n\n\n<ul class=\"wp-block-list\">\n<li><strong>C\u00f4ng ch\u1ee9ng h\u1ee3p \u0111\u1ed3ng &amp; gi\u1ea5y t\u1edd ph\u00e1p l\u00fd.<\/strong><\/li>\n\n\n\n<li><strong>C\u00f4ng ch\u1ee9ng gi\u1ea5y t\u1edd b\u1ea5t \u0111\u1ed9ng s\u1ea3n:<\/strong> H\u1ee3p \u0111\u1ed3ng mua b\u00e1n, th\u1ebf ch\u1ea5p, cho thu\u00ea.<\/li>\n\n\n\n<li><strong>C\u00f4ng ch\u1ee9ng di ch\u00fac, \u1ee7y quy\u1ec1n, gi\u1ea5y khai sinh, k\u1ebft h\u00f4n.<\/strong><\/li>\n\n\n\n<li><strong>C\u00f4ng ch\u1ee9ng h\u1ed3 s\u01a1 kinh doanh, LLC, t\u00e0i ch\u00ednh.<\/strong><\/li>\n\n\n\n<li><strong>Mobile Notary \u2013 C\u00f4ng ch\u1ee9ng t\u1eadn n\u01a1i<\/strong> (theo nhu c\u1ea7u kh\u00e1ch h\u00e0ng).<\/li>\n<\/ul>\n\n\n\n<h2 class=\"wp-block-heading has-black-color has-text-color has-link-color has-large-font-size wp-elements-5dcb1217611c548df8e89f40b71003a4\"><strong>L\u1ee3i \u00cdch Khi S\u1eed D\u1ee5ng D\u1ecbch V\u1ee5 Notary Public<\/strong><\/h2>\n\n\n\n<ul class=\"wp-block-list\">\n<li>\u2705 <strong>Nhanh ch\u00f3ng &amp; ti\u1ec7n l\u1ee3i:<\/strong> Kh\u00f4ng m\u1ea5t nhi\u1ec1u th\u1eddi gian ch\u1edd \u0111\u1ee3i.<\/li>\n\n\n\n<li>\u2705 <strong>Uy t\u00edn &amp; ch\u00ednh x\u00e1c:<\/strong> M\u1ecdi gi\u1ea5y t\u1edd \u0111\u01b0\u1ee3c c\u00f4ng ch\u1ee9ng \u0111\u00fang quy \u0111\u1ecbnh ph\u00e1p lu\u1eadt South Carolina.<\/li>\n\n\n\n<li>\u2705 <strong>Linh ho\u1ea1t:<\/strong> H\u1ed7 tr\u1ee3 c\u00f4ng ch\u1ee9ng t\u1ea1i v\u0103n ph\u00f2ng ho\u1eb7c t\u1eadn n\u01a1i theo y\u00eau c\u1ea7u.<\/li>\n\n\n\n<li>\u2705 <strong>H\u1ed7 tr\u1ee3 song ng\u1eef Anh \u2013 Vi\u1ec7t:<\/strong> Gi\u00fap c\u1ed9ng \u0111\u1ed3ng ng\u01b0\u1eddi Vi\u1ec7t t\u1ea1i Charleston d\u1ec5 d\u00e0ng th\u1ef1c hi\u1ec7n th\u1ee7 t\u1ee5c.<\/li>\n<\/ul>\n\n\n\n<hr class=\"wp-block-separator has-alpha-channel-opacity\"\/>\n\n\n\n<h2 class=\"wp-block-heading has-black-color has-text-color has-link-color has-large-font-size wp-elements-af9b1ae15c5fc7a9071da8396b2f8444\"><strong>V\u00ec Sao Ch\u1ecdn Nhi Tran Cho D\u1ecbch V\u1ee5 Notary Public \u1ede Charleston?<\/strong><\/h2>\n\n\n\n<ul class=\"wp-block-list\">\n<li>\ud83c\udfaf \u0110\u01b0\u1ee3c \u1ee7y quy\u1ec1n h\u1ee3p ph\u00e1p t\u1ea1i South Carolina.<\/li>\n\n\n\n<li>\ud83c\udfaf Nhi\u1ec1u n\u0103m kinh nghi\u1ec7m h\u1ed7 tr\u1ee3 c\u00f4ng ch\u1ee9ng cho c\u00e1 nh\u00e2n &amp; doanh nghi\u1ec7p.<\/li>\n\n\n\n<li>\ud83c\udfaf T\u01b0 v\u1ea5n t\u1eadn t\u00ecnh, d\u1ecbch v\u1ee5 nhanh g\u1ecdn v\u00e0 minh b\u1ea1ch.<\/li>\n\n\n\n<li>\ud83c\udfaf Lu\u00f4n \u0111\u1eb7t quy\u1ec1n l\u1ee3i v\u00e0 s\u1ef1 thu\u1eadn ti\u1ec7n c\u1ee7a kh\u00e1ch h\u00e0ng l\u00ean h\u00e0ng \u0111\u1ea7u.<\/li>\n<\/ul>\n\n\n<div class=\"wp-block-image\">\n<figure class=\"aligncenter size-medium\"><img loading=\"lazy\" decoding=\"async\" width=\"200\" height=\"300\" src=\"https:\/\/nhtsolution.net\/wp-content\/uploads\/2025\/09\/4.4-SG-MS-NHI-TRAN-8H-HT188975-2-200x300.jpg\" alt=\"\" class=\"wp-image-158\" srcset=\"https:\/\/nhtsolution.net\/wp-content\/uploads\/2025\/09\/4.4-SG-MS-NHI-TRAN-8H-HT188975-2-200x300.jpg 200w, https:\/\/nhtsolution.net\/wp-content\/uploads\/2025\/09\/4.4-SG-MS-NHI-TRAN-8H-HT188975-2-683x1024.jpg 683w, https:\/\/nhtsolution.net\/wp-content\/uploads\/2025\/09\/4.4-SG-MS-NHI-TRAN-8H-HT188975-2-768x1152.jpg 768w, https:\/\/nhtsolution.net\/wp-content\/uploads\/2025\/09\/4.4-SG-MS-NHI-TRAN-8H-HT188975-2-1024x1536.jpg 1024w, https:\/\/nhtsolution.net\/wp-content\/uploads\/2025\/09\/4.4-SG-MS-NHI-TRAN-8H-HT188975-2-1365x2048.jpg 1365w, https:\/\/nhtsolution.net\/wp-content\/uploads\/2025\/09\/4.4-SG-MS-NHI-TRAN-8H-HT188975-2-scaled.jpg 1707w\" sizes=\"auto, (max-width: 200px) 100vw, 200px\" \/><\/figure>\n<\/div>\n\n\n<hr class=\"wp-block-separator has-alpha-channel-opacity\"\/>\n\n\n\n<h2 class=\"wp-block-heading has-black-color has-text-color has-link-color has-large-font-size wp-elements-3e92586432ded1f3236b655af1431470\"><strong>Li\u00ean H\u1ec7 Ngay \u0110\u1ec3 \u0110\u01b0\u1ee3c H\u1ed7 Tr\u1ee3 Notary Public<\/strong><\/h2>\n\n\n\n<p>\u0110\u1eebng \u0111\u1ec3 th\u1ee7 t\u1ee5c gi\u1ea5y t\u1edd tr\u1edf n\u00ean ph\u1ee9c t\u1ea1p. H\u00e3y \u0111\u1ec3 <strong>Notary Public t\u1ea1i Charleston SC<\/strong> gi\u00fap b\u1ea1n x\u1eed l\u00fd nhanh ch\u00f3ng v\u00e0 h\u1ee3p ph\u00e1p m\u1ecdi lo\u1ea1i t\u00e0i li\u1ec7u.<\/p>\n\n\n\n<p>\ud83d\udcde <strong>Li\u00ean h\u1ec7: Nhi Tran \u2013 (843) 437 0905 <\/strong>\u0111\u1ec3 \u0111\u01b0\u1ee3c h\u1ed7 tr\u1ee3 c\u00f4ng ch\u1ee9ng ngay h\u00f4m nay.<\/p>\n\n\n\n<p class=\"has-black-color has-text-color has-link-color wp-elements-41c66dce11e7cda745c764eaad2dc72a\"><strong>Email : nhitran@nhtsolution.net<\/strong><\/p>\n\n\n\n<div class=\"wp-block-buttons is-layout-flex wp-block-buttons-is-layout-flex\">\n<div class=\"wp-block-button\"><a class=\"wp-block-button__link wp-element-button\" href=\"https:\/\/www.facebook.com\/nhi.tran.388286\/\">Li\u00ean h\u1ec7<\/a><\/div>\n<\/div>\n","protected":false},"excerpt":{"rendered":"<p>Notary Public Charleston SC \u2013 D\u1ecbch V\u1ee5 C\u00f4ng Ch\u1ee9ng Nhanh Ch\u00f3ng &amp; Uy T\u00edn Trong cu\u1ed9c s\u1ed1ng v\u00e0 c\u00f4ng vi\u1ec7c h\u00e0ng ng\u00e0y, c\u00f3 nhi\u1ec1u lo\u1ea1i gi\u1ea5y t\u1edd quan tr\u1ecdng c\u1ea7n \u0111\u01b0\u1ee3c c\u00f4ng ch\u1ee9ng h\u1ee3p ph\u00e1p \u0111\u1ec3 \u0111\u1ea3m b\u1ea3o t\u00ednh ph\u00e1p l\u00fd. V\u1edbi d\u1ecbch v\u1ee5 Notary Public t\u1ea1i Charleston SC, Nhi Tran mang \u0111\u1ebfn s\u1ef1 nhanh [&hellip;]<\/p>\n","protected":false},"author":1,"featured_media":0,"parent":0,"menu_order":0,"comment_status":"closed","ping_status":"closed","template":"","meta":{"footnotes":""},"class_list":["post-8","page","type-page","status-publish","hentry"],"_links":{"self":[{"href":"https:\/\/nhtsolution.net\/index.php?rest_route=\/wp\/v2\/pages\/8","targetHints":{"allow":["GET"]}}],"collection":[{"href":"https:\/\/nhtsolution.net\/index.php?rest_route=\/wp\/v2\/pages"}],"about":[{"href":"https:\/\/nhtsolution.net\/index.php?rest_route=\/wp\/v2\/types\/page"}],"author":[{"embeddable":true,"href":"https:\/\/nhtsolution.net\/index.php?rest_route=\/wp\/v2\/users\/1"}],"replies":[{"embeddable":true,"href":"https:\/\/nhtsolution.net\/index.php?rest_route=%2Fwp%2Fv2%2Fcomments&post=8"}],"version-history":[{"count":3,"href":"https:\/\/nhtsolution.net\/index.php?rest_route=\/wp\/v2\/pages\/8\/revisions"}],"predecessor-version":[{"id":195,"href":"https:\/\/nhtsolution.net\/index.php?rest_route=\/wp\/v2\/pages\/8\/revisions\/195"}],"wp:attachment":[{"href":"https:\/\/nhtsolution.net\/index.php?rest_route=%2Fwp%2Fv2%2Fmedia&parent=8"}],"curies":[{"name":"wp","href":"https:\/\/api.w.org\/{rel}","templated":true}]}}