{"id":90,"date":"2025-09-07T05:17:09","date_gmt":"2025-09-07T05:17:09","guid":{"rendered":"https:\/\/nhtsolution.net\/?page_id=90"},"modified":"2025-09-09T01:09:06","modified_gmt":"2025-09-09T01:09:06","slug":"insurance","status":"publish","type":"page","link":"https:\/\/nhtsolution.net\/?page_id=90","title":{"rendered":"Insurance"},"content":{"rendered":"\n<h1 class=\"wp-block-heading has-black-color has-text-color has-background has-link-color has-large-font-size wp-elements-40e733c3b326044fa9e8d26775b21ac6\" style=\"background:linear-gradient(135deg,rgb(255,245,203) 0%,rgb(182,227,212) 48%,rgb(51,167,181) 100%)\"><strong>Insurance Charleston SC \u2013 C\u00e1c Lo\u1ea1i B\u1ea3o Hi\u1ec3m Ph\u1ed5 Bi\u1ebfn T\u1ea1i South Carolina<\/strong><\/h1>\n\n\n\n<p>Trong cu\u1ed9c s\u1ed1ng hi\u1ec7n \u0111\u1ea1i, b\u1ea3o hi\u1ec3m kh\u00f4ng ch\u1ec9 l\u00e0 l\u1ef1a ch\u1ecdn m\u00e0 l\u00e0 <strong>gi\u1ea3i ph\u00e1p c\u1ea7n thi\u1ebft<\/strong> \u0111\u1ec3 b\u1ea3o v\u1ec7 s\u1ee9c kh\u1ecfe, t\u00e0i s\u1ea3n v\u00e0 t\u01b0\u01a1ng lai t\u00e0i ch\u00ednh. T\u1ea1i <strong>Charleston SC<\/strong>, Nhi Tran cung c\u1ea5p \u0111a d\u1ea1ng c\u00e1c lo\u1ea1i b\u1ea3o hi\u1ec3m, gi\u00fap b\u1ea1n v\u00e0 gia \u0111\u00ecnh an t\u00e2m tr\u01b0\u1edbc m\u1ecdi r\u1ee7i ro.<\/p>\n\n\n<div class=\"wp-block-image\">\n<figure class=\"aligncenter size-full\"><img loading=\"lazy\" decoding=\"async\" width=\"612\" height=\"612\" src=\"https:\/\/nhtsolution.net\/wp-content\/uploads\/2025\/09\/istockphoto-1306070572-612x612-1.jpg\" alt=\"\" class=\"wp-image-148\" srcset=\"https:\/\/nhtsolution.net\/wp-content\/uploads\/2025\/09\/istockphoto-1306070572-612x612-1.jpg 612w, https:\/\/nhtsolution.net\/wp-content\/uploads\/2025\/09\/istockphoto-1306070572-612x612-1-300x300.jpg 300w, https:\/\/nhtsolution.net\/wp-content\/uploads\/2025\/09\/istockphoto-1306070572-612x612-1-150x150.jpg 150w\" sizes=\"auto, (max-width: 612px) 100vw, 612px\" \/><\/figure>\n<\/div>\n\n\n<h2 class=\"wp-block-heading has-black-color has-text-color has-link-color has-large-font-size wp-elements-6e1e6b195484f1fe62ad4788849feb88\"><strong>Health Insurance \u2013 B\u1ea3o Hi\u1ec3m S\u1ee9c Kh\u1ecfe<\/strong><\/h2>\n\n\n\n<p>B\u1ea3o v\u1ec7 b\u1ea1n tr\u01b0\u1edbc chi ph\u00ed y t\u1ebf ng\u00e0y c\u00e0ng t\u0103ng cao. Bao g\u1ed3m:<\/p>\n\n\n\n<ul class=\"wp-block-list\">\n<li><strong>Obamacare \/ ACA Insurance<\/strong><\/li>\n\n\n\n<li><strong>Short Term Health Insurance<\/strong><\/li>\n\n\n\n<li><strong>Dental &amp; Vision Insurance<\/strong><\/li>\n<\/ul>\n\n\n\n<p><\/p>\n\n\n\n<hr class=\"wp-block-separator has-alpha-channel-opacity\"\/>\n\n\n\n<h2 class=\"wp-block-heading has-black-color has-text-color has-link-color has-large-font-size wp-elements-77299001996a1b1d635922f480c11d52\"><strong>Car Insurance \u2013 B\u1ea3o Hi\u1ec3m Xe \u00d4 T\u00f4<\/strong><\/h2>\n\n\n\n<p>Gi\u00fap b\u1ea1n y\u00ean t\u00e2m l\u00e1i xe tr\u00ean m\u1ecdi cung \u0111\u01b0\u1eddng, h\u1ed7 tr\u1ee3 khi c\u00f3 tai n\u1ea1n, h\u01b0 h\u1ecfng, tr\u1ed9m c\u1eafp.<\/p>\n\n\n\n<ul class=\"wp-block-list\">\n<li>Liability Coverage<\/li>\n\n\n\n<li>Collision Coverage<\/li>\n\n\n\n<li>Comprehensive Coverage<\/li>\n\n\n\n<li>Uninsured Motorist<\/li>\n<\/ul>\n\n\n\n<p><\/p>\n\n\n\n<hr class=\"wp-block-separator has-alpha-channel-opacity\"\/>\n\n\n\n<h2 class=\"wp-block-heading has-black-color has-text-color has-link-color has-large-font-size wp-elements-b77b24e3387a983ebcfbd095b86c8314\"><strong>Home Insurance \u2013 B\u1ea3o Hi\u1ec3m Nh\u00e0 \u1ede<\/strong><\/h2>\n\n\n\n<p>B\u1ea3o v\u1ec7 ng\u00f4i nh\u00e0 v\u00e0 t\u00e0i s\u1ea3n c\u1ee7a b\u1ea1n tr\u01b0\u1edbc thi\u00ean tai, h\u1ecfa ho\u1ea1n, tr\u1ed9m c\u1eafp.<\/p>\n\n\n\n<ul class=\"wp-block-list\">\n<li>Dwelling Coverage (c\u1ea5u tr\u00fac nh\u00e0)<\/li>\n\n\n\n<li>Personal Property (\u0111\u1ed3 \u0111\u1ea1c, n\u1ed9i th\u1ea5t)<\/li>\n\n\n\n<li>Liability Protection<\/li>\n\n\n\n<li>Flood &amp; Windstorm Add-ons<\/li>\n<\/ul>\n\n\n\n<p><\/p>\n\n\n\n<hr class=\"wp-block-separator has-alpha-channel-opacity\"\/>\n\n\n\n<h2 class=\"wp-block-heading has-black-color has-text-color has-link-color has-large-font-size wp-elements-f4b263967cff39d09344ff0c215b3057\"><strong>Life Insurance \u2013 B\u1ea3o Hi\u1ec3m Nh\u00e2n Th\u1ecd<\/strong><\/h2>\n\n\n\n<p>\u0110\u1ea3m b\u1ea3o t\u00e0i ch\u00ednh cho gia \u0111\u00ecnh khi c\u00f3 r\u1ee7i ro.<\/p>\n\n\n\n<ul class=\"wp-block-list\">\n<li>Term Life Insurance (b\u1ea3o hi\u1ec3m c\u00f3 k\u1ef3 h\u1ea1n)<\/li>\n\n\n\n<li>Whole Life Insurance (b\u1ea3o hi\u1ec3m tr\u1ecdn \u0111\u1eddi)<\/li>\n\n\n\n<li>Indexed Universal Life (IUL)<\/li>\n\n\n\n<li>Final Expense Insurance<\/li>\n<\/ul>\n\n\n\n<h2 class=\"wp-block-heading has-black-color has-text-color has-link-color has-large-font-size wp-elements-3b3284083d742cd4fa537458ad92f698\"><strong>Medicare \u2013 B\u1ea3o Hi\u1ec3m Y T\u1ebf Cho Ng\u01b0\u1eddi Cao Tu\u1ed5i<\/strong><\/h2>\n\n\n\n<p>Ch\u01b0\u01a1ng tr\u00ecnh b\u1ea3o hi\u1ec3m li\u00ean bang d\u00e0nh cho ng\u01b0\u1eddi <strong>65+ tu\u1ed5i<\/strong> ho\u1eb7c ng\u01b0\u1eddi c\u00f3 b\u1ec7nh l\u00fd \u0111\u1eb7c bi\u1ec7t.<\/p>\n\n\n\n<ul class=\"wp-block-list\">\n<li>Medicare Part A: Hospital Insurance<\/li>\n\n\n\n<li>Medicare Part B: Medical Insurance<\/li>\n\n\n\n<li>Medicare Advantage (Part C)<\/li>\n\n\n\n<li>Medicare Part D: Prescription Drug Coverage<\/li>\n<\/ul>\n\n\n\n<p><\/p>\n\n\n\n<hr class=\"wp-block-separator has-alpha-channel-opacity\"\/>\n\n\n\n<h2 class=\"wp-block-heading has-black-color has-text-color has-link-color has-large-font-size wp-elements-8c61f9dd889c35bf2bdf71c9fbfca034\"><strong>L\u1ee3i \u00cdch Khi Mua Insurance V\u1edbi Nhi Tran<\/strong><\/h2>\n\n\n\n<ul class=\"wp-block-list\">\n<li>\ud83c\udfaf T\u01b0 v\u1ea5n <strong>song ng\u1eef Anh \u2013 Vi\u1ec7t<\/strong> r\u00f5 r\u00e0ng, minh b\u1ea1ch.<\/li>\n\n\n\n<li>\ud83c\udfaf So s\u00e1nh nhi\u1ec1u h\u00e3ng b\u1ea3o hi\u1ec3m uy t\u00edn t\u1ea1i South Carolina.<\/li>\n\n\n\n<li>\ud83c\udfaf \u0110\u01b0a ra g\u00f3i ph\u00f9 h\u1ee3p v\u1edbi nhu c\u1ea7u &amp; ng\u00e2n s\u00e1ch.<\/li>\n\n\n\n<li>\ud83c\udfaf Lu\u00f4n \u0111\u1ed3ng h\u00e0nh c\u00f9ng kh\u00e1ch h\u00e0ng trong su\u1ed1t qu\u00e1 tr\u00ecnh s\u1eed d\u1ee5ng.<\/li>\n<\/ul>\n\n\n<div class=\"wp-block-image\">\n<figure class=\"aligncenter size-large\"><img loading=\"lazy\" decoding=\"async\" width=\"683\" height=\"1024\" src=\"https:\/\/nhtsolution.net\/wp-content\/uploads\/2025\/09\/4.4-SG-MS-NHI-TRAN-8H-HT189111-4-683x1024.jpg\" alt=\"\" class=\"wp-image-151\" srcset=\"https:\/\/nhtsolution.net\/wp-content\/uploads\/2025\/09\/4.4-SG-MS-NHI-TRAN-8H-HT189111-4-683x1024.jpg 683w, https:\/\/nhtsolution.net\/wp-content\/uploads\/2025\/09\/4.4-SG-MS-NHI-TRAN-8H-HT189111-4-200x300.jpg 200w, https:\/\/nhtsolution.net\/wp-content\/uploads\/2025\/09\/4.4-SG-MS-NHI-TRAN-8H-HT189111-4-768x1152.jpg 768w, https:\/\/nhtsolution.net\/wp-content\/uploads\/2025\/09\/4.4-SG-MS-NHI-TRAN-8H-HT189111-4-1024x1536.jpg 1024w, https:\/\/nhtsolution.net\/wp-content\/uploads\/2025\/09\/4.4-SG-MS-NHI-TRAN-8H-HT189111-4-1365x2048.jpg 1365w, https:\/\/nhtsolution.net\/wp-content\/uploads\/2025\/09\/4.4-SG-MS-NHI-TRAN-8H-HT189111-4-scaled.jpg 1707w\" sizes=\"auto, (max-width: 683px) 100vw, 683px\" \/><\/figure>\n<\/div>\n\n\n<hr class=\"wp-block-separator has-alpha-channel-opacity\"\/>\n\n\n\n<h2 class=\"wp-block-heading has-black-color has-text-color has-link-color has-large-font-size wp-elements-fcf2371a51ed4ee4ab8060f062b48ef1\"><strong>Li\u00ean H\u1ec7 Ngay \u0110\u1ec3 \u0110\u01b0\u1ee3c T\u01b0 V\u1ea5n Insurance<\/strong><\/h2>\n\n\n\n<p>D\u00f9 b\u1ea1n c\u1ea7n <strong>b\u1ea3o hi\u1ec3m s\u1ee9c kh\u1ecfe, xe, nh\u00e0 hay nh\u00e2n th\u1ecd<\/strong>, h\u00e3y \u0111\u1ec3 <strong>Insurance t\u1ea1i Charleston SC<\/strong> b\u1ea3o v\u1ec7 b\u1ea1n v\u00e0 gia \u0111\u00ecnh.<\/p>\n\n\n\n<p>\ud83d\udcde <strong>Li\u00ean h\u1ec7: Nhi Tran \u2013 (843) 437 0905 <\/strong> \u0111\u1ec3 \u0111\u01b0\u1ee3c t\u01b0 v\u1ea5n mi\u1ec5n ph\u00ed v\u00e0 nh\u1eadn b\u00e1o gi\u00e1 t\u1ed1t nh\u1ea5t.<\/p>\n\n\n\n<p><strong>Email : nhitran@nhtsolution.net<\/strong><\/p>\n\n\n\n<div class=\"wp-block-buttons is-layout-flex wp-block-buttons-is-layout-flex\">\n<div class=\"wp-block-button\"><a class=\"wp-block-button__link wp-element-button\" href=\"https:\/\/www.facebook.com\/nhi.tran.388286\/\">Li\u00ean h\u1ec7<\/a><\/div>\n<\/div>\n\n\n\n<p><\/p>\n","protected":false},"excerpt":{"rendered":"<p>Insurance Charleston SC \u2013 C\u00e1c Lo\u1ea1i B\u1ea3o Hi\u1ec3m Ph\u1ed5 Bi\u1ebfn T\u1ea1i South Carolina Trong cu\u1ed9c s\u1ed1ng hi\u1ec7n \u0111\u1ea1i, b\u1ea3o hi\u1ec3m kh\u00f4ng ch\u1ec9 l\u00e0 l\u1ef1a ch\u1ecdn m\u00e0 l\u00e0 gi\u1ea3i ph\u00e1p c\u1ea7n thi\u1ebft \u0111\u1ec3 b\u1ea3o v\u1ec7 s\u1ee9c kh\u1ecfe, t\u00e0i s\u1ea3n v\u00e0 t\u01b0\u01a1ng lai t\u00e0i ch\u00ednh. T\u1ea1i Charleston SC, Nhi Tran cung c\u1ea5p \u0111a d\u1ea1ng c\u00e1c lo\u1ea1i b\u1ea3o [&hellip;]<\/p>\n","protected":false},"author":1,"featured_media":0,"parent":0,"menu_order":0,"comment_status":"closed","ping_status":"closed","template":"","meta":{"footnotes":""},"class_list":["post-90","page","type-page","status-publish","hentry"],"_links":{"self":[{"href":"https:\/\/nhtsolution.net\/index.php?rest_route=\/wp\/v2\/pages\/90","targetHints":{"allow":["GET"]}}],"collection":[{"href":"https:\/\/nhtsolution.net\/index.php?rest_route=\/wp\/v2\/pages"}],"about":[{"href":"https:\/\/nhtsolution.net\/index.php?rest_route=\/wp\/v2\/types\/page"}],"author":[{"embeddable":true,"href":"https:\/\/nhtsolution.net\/index.php?rest_route=\/wp\/v2\/users\/1"}],"replies":[{"embeddable":true,"href":"https:\/\/nhtsolution.net\/index.php?rest_route=%2Fwp%2Fv2%2Fcomments&post=90"}],"version-history":[{"count":3,"href":"https:\/\/nhtsolution.net\/index.php?rest_route=\/wp\/v2\/pages\/90\/revisions"}],"predecessor-version":[{"id":190,"href":"https:\/\/nhtsolution.net\/index.php?rest_route=\/wp\/v2\/pages\/90\/revisions\/190"}],"wp:attachment":[{"href":"https:\/\/nhtsolution.net\/index.php?rest_route=%2Fwp%2Fv2%2Fmedia&parent=90"}],"curies":[{"name":"wp","href":"https:\/\/api.w.org\/{rel}","templated":true}]}}